{"id":136,"date":"2021-03-21T23:18:24","date_gmt":"2021-03-21T23:18:24","guid":{"rendered":"https:\/\/ucimekvalitne.cz\/2021-dev\/?page_id=136"},"modified":"2021-03-21T23:18:24","modified_gmt":"2021-03-21T23:18:24","slug":"aktuality","status":"publish","type":"page","link":"https:\/\/www.ucimekvalitne.cz\/2021\/aktuality\/","title":{"rendered":"Aktuality"},"content":{"rendered":"","protected":false},"excerpt":{"rendered":"","protected":false},"author":3,"featured_media":0,"parent":0,"menu_order":0,"comment_status":"closed","ping_status":"closed","template":"","meta":{"inline_featured_image":false,"footnotes":""},"class_list":["post-136","page","type-page","status-publish"],"yoast_head":"<!-- This site is optimized with the Yoast SEO plugin v26.3 - https:\/\/yoast.com\/wordpress\/plugins\/seo\/ -->\n<title>Aktuality - Konference \u00dasp\u011bch pro ka\u017ed\u00e9ho \u017e\u00e1ka 2021<\/title>\n<meta name=\"robots\" content=\"index, follow, max-snippet:-1, max-image-preview:large, max-video-preview:-1\" \/>\n<link rel=\"canonical\" href=\"https:\/\/www.ucimekvalitne.cz\/2021\/aktuality\/\" \/>\n<meta property=\"og:locale\" content=\"cs_CZ\" \/>\n<meta property=\"og:type\" content=\"article\" \/>\n<meta property=\"og:title\" content=\"Aktuality - Konference \u00dasp\u011bch pro ka\u017ed\u00e9ho \u017e\u00e1ka 2021\" \/>\n<meta property=\"og:url\" content=\"https:\/\/www.ucimekvalitne.cz\/2021\/aktuality\/\" \/>\n<meta property=\"og:site_name\" content=\"Konference \u00dasp\u011bch pro ka\u017ed\u00e9ho \u017e\u00e1ka 2021\" \/>\n<meta name=\"twitter:card\" content=\"summary_large_image\" \/>\n<script type=\"application\/ld+json\" class=\"yoast-schema-graph\">{\"@context\":\"https:\/\/schema.org\",\"@graph\":[{\"@type\":\"WebPage\",\"@id\":\"https:\/\/www.ucimekvalitne.cz\/2021\/aktuality\/\",\"url\":\"https:\/\/www.ucimekvalitne.cz\/2021\/aktuality\/\",\"name\":\"Aktuality - Konference \u00dasp\u011bch pro ka\u017ed\u00e9ho \u017e\u00e1ka 2021\",\"isPartOf\":{\"@id\":\"https:\/\/www.ucimekvalitne.cz\/2021\/#website\"},\"datePublished\":\"2021-03-21T23:18:24+00:00\",\"breadcrumb\":{\"@id\":\"https:\/\/www.ucimekvalitne.cz\/2021\/aktuality\/#breadcrumb\"},\"inLanguage\":\"cs\",\"potentialAction\":[{\"@type\":\"ReadAction\",\"target\":[\"https:\/\/www.ucimekvalitne.cz\/2021\/aktuality\/\"]}]},{\"@type\":\"BreadcrumbList\",\"@id\":\"https:\/\/www.ucimekvalitne.cz\/2021\/aktuality\/#breadcrumb\",\"itemListElement\":[{\"@type\":\"ListItem\",\"position\":1,\"name\":\"Dom\u016f\",\"item\":\"https:\/\/www.ucimekvalitne.cz\/2021\/\"},{\"@type\":\"ListItem\",\"position\":2,\"name\":\"Aktuality\"}]},{\"@type\":\"WebSite\",\"@id\":\"https:\/\/www.ucimekvalitne.cz\/2021\/#website\",\"url\":\"https:\/\/www.ucimekvalitne.cz\/2021\/\",\"name\":\"Konference \u00dasp\u011bch pro ka\u017ed\u00e9ho \u017e\u00e1ka 2021\",\"description\":\"Spole\u010dn\u011b to zvl\u00e1dneme\",\"potentialAction\":[{\"@type\":\"SearchAction\",\"target\":{\"@type\":\"EntryPoint\",\"urlTemplate\":\"https:\/\/www.ucimekvalitne.cz\/2021\/?s={search_term_string}\"},\"query-input\":{\"@type\":\"PropertyValueSpecification\",\"valueRequired\":true,\"valueName\":\"search_term_string\"}}],\"inLanguage\":\"cs\"}]}<\/script>\n<!-- \/ Yoast SEO plugin. -->","yoast_head_json":{"title":"Aktuality - Konference \u00dasp\u011bch pro ka\u017ed\u00e9ho \u017e\u00e1ka 2021","robots":{"index":"index","follow":"follow","max-snippet":"max-snippet:-1","max-image-preview":"max-image-preview:large","max-video-preview":"max-video-preview:-1"},"canonical":"https:\/\/www.ucimekvalitne.cz\/2021\/aktuality\/","og_locale":"cs_CZ","og_type":"article","og_title":"Aktuality - Konference \u00dasp\u011bch pro ka\u017ed\u00e9ho \u017e\u00e1ka 2021","og_url":"https:\/\/www.ucimekvalitne.cz\/2021\/aktuality\/","og_site_name":"Konference \u00dasp\u011bch pro ka\u017ed\u00e9ho \u017e\u00e1ka 2021","twitter_card":"summary_large_image","schema":{"@context":"https:\/\/schema.org","@graph":[{"@type":"WebPage","@id":"https:\/\/www.ucimekvalitne.cz\/2021\/aktuality\/","url":"https:\/\/www.ucimekvalitne.cz\/2021\/aktuality\/","name":"Aktuality - Konference \u00dasp\u011bch pro ka\u017ed\u00e9ho \u017e\u00e1ka 2021","isPartOf":{"@id":"https:\/\/www.ucimekvalitne.cz\/2021\/#website"},"datePublished":"2021-03-21T23:18:24+00:00","breadcrumb":{"@id":"https:\/\/www.ucimekvalitne.cz\/2021\/aktuality\/#breadcrumb"},"inLanguage":"cs","potentialAction":[{"@type":"ReadAction","target":["https:\/\/www.ucimekvalitne.cz\/2021\/aktuality\/"]}]},{"@type":"BreadcrumbList","@id":"https:\/\/www.ucimekvalitne.cz\/2021\/aktuality\/#breadcrumb","itemListElement":[{"@type":"ListItem","position":1,"name":"Dom\u016f","item":"https:\/\/www.ucimekvalitne.cz\/2021\/"},{"@type":"ListItem","position":2,"name":"Aktuality"}]},{"@type":"WebSite","@id":"https:\/\/www.ucimekvalitne.cz\/2021\/#website","url":"https:\/\/www.ucimekvalitne.cz\/2021\/","name":"Konference \u00dasp\u011bch pro ka\u017ed\u00e9ho \u017e\u00e1ka 2021","description":"Spole\u010dn\u011b to zvl\u00e1dneme","potentialAction":[{"@type":"SearchAction","target":{"@type":"EntryPoint","urlTemplate":"https:\/\/www.ucimekvalitne.cz\/2021\/?s={search_term_string}"},"query-input":{"@type":"PropertyValueSpecification","valueRequired":true,"valueName":"search_term_string"}}],"inLanguage":"cs"}]}},"_links":{"self":[{"href":"https:\/\/www.ucimekvalitne.cz\/2021\/wp-json\/wp\/v2\/pages\/136","targetHints":{"allow":["GET"]}}],"collection":[{"href":"https:\/\/www.ucimekvalitne.cz\/2021\/wp-json\/wp\/v2\/pages"}],"about":[{"href":"https:\/\/www.ucimekvalitne.cz\/2021\/wp-json\/wp\/v2\/types\/page"}],"author":[{"embeddable":true,"href":"https:\/\/www.ucimekvalitne.cz\/2021\/wp-json\/wp\/v2\/users\/3"}],"replies":[{"embeddable":true,"href":"https:\/\/www.ucimekvalitne.cz\/2021\/wp-json\/wp\/v2\/comments?post=136"}],"version-history":[{"count":1,"href":"https:\/\/www.ucimekvalitne.cz\/2021\/wp-json\/wp\/v2\/pages\/136\/revisions"}],"predecessor-version":[{"id":137,"href":"https:\/\/www.ucimekvalitne.cz\/2021\/wp-json\/wp\/v2\/pages\/136\/revisions\/137"}],"wp:attachment":[{"href":"https:\/\/www.ucimekvalitne.cz\/2021\/wp-json\/wp\/v2\/media?parent=136"}],"curies":[{"name":"wp","href":"https:\/\/api.w.org\/{rel}","templated":true}]}}