{"id":486,"date":"2023-04-24T14:34:27","date_gmt":"2023-04-24T12:34:27","guid":{"rendered":"https:\/\/www.ucimekvalitne.cz\/2023\/?page_id=486"},"modified":"2025-03-31T08:37:03","modified_gmt":"2025-03-31T06:37:03","slug":"inspirace","status":"publish","type":"page","link":"https:\/\/www.ucimekvalitne.cz\/2023\/inspirace\/","title":{"rendered":"Inspirace"},"content":{"rendered":"<p>[et_pb_section fb_built=&#8220;1&#8243; _builder_version=&#8220;4.20.4&#8243; _module_preset=&#8220;default&#8220; custom_padding=&#8220;3vw||3vw||true|false&#8220; global_colors_info=&#8220;{}&#8220;][et_pb_row _builder_version=&#8220;4.20.4&#8243; _module_preset=&#8220;default&#8220; global_colors_info=&#8220;{}&#8220;][et_pb_column type=&#8220;4_4&#8243; _builder_version=&#8220;4.20.4&#8243; _module_preset=&#8220;default&#8220; global_colors_info=&#8220;{}&#8220;][et_pb_text _builder_version=&#8220;4.20.4&#8243; _module_preset=&#8220;default&#8220; header_2_text_align=&#8220;center&#8220; header_2_text_color=&#8220;#1A437E&#8220; header_2_font_size=&#8220;3.6rem&#8220; header_2_line_height=&#8220;1.3em&#8220; global_colors_info=&#8220;{}&#8220;]<\/p>\n<h2>Inspirace<\/h2>\n<p>[\/et_pb_text][et_pb_divider color=&#8220;#1A437E&#8220; _builder_version=&#8220;4.20.4&#8243; _module_preset=&#8220;default&#8220; width=&#8220;10%&#8220; module_alignment=&#8220;center&#8220; global_colors_info=&#8220;{}&#8220;][\/et_pb_divider][\/et_pb_column][\/et_pb_row][et_pb_row column_structure=&#8220;1_3,1_3,1_3&#8243; _builder_version=&#8220;4.20.4&#8243; _module_preset=&#8220;default&#8220; global_colors_info=&#8220;{}&#8220;][et_pb_column type=&#8220;1_3&#8243; _builder_version=&#8220;4.20.4&#8243; _module_preset=&#8220;default&#8220; global_colors_info=&#8220;{}&#8220;][et_pb_image src=&#8220;https:\/\/www.ucimekvalitne.cz\/2023\/wp-content\/uploads\/2025\/03\/Uvodni-slide_videoslides_online_1920x1080px_1.jpg&#8220; title_text=&#8220;\u00davodn\u00ed slide_videoslides_online_1920x1080px_1&#8243; url=&#8220;https:\/\/youtu.be\/Dzk4m_q-RRc&#8220; _builder_version=&#8220;4.27.4&#8243; _module_preset=&#8220;default&#8220; global_colors_info=&#8220;{}&#8220;][\/et_pb_image][et_pb_text _builder_version=&#8220;4.27.4&#8243; _module_preset=&#8220;default&#8220; header_3_text_align=&#8220;center&#8220; header_3_text_color=&#8220;#1A437E&#8220; header_3_font_size=&#8220;1.7rem&#8220; header_3_line_height=&#8220;1.3em&#8220; custom_margin=&#8220;||0px||false|false&#8220; global_colors_info=&#8220;{}&#8220;]<\/p>\n<h3><span>(Ne)d\u016fv\u011bra v potenci\u00e1l ka\u017ed\u00e9ho \u017e\u00e1ka<\/span><\/h3>\n<p>[\/et_pb_text][et_pb_button button_url=&#8220;https:\/\/youtu.be\/Dzk4m_q-RRc&#8220; url_new_window=&#8220;on&#8220; button_text=&#8220;Zhl\u00e9dnout video&#8220; button_alignment=&#8220;center&#8220; _builder_version=&#8220;4.27.4&#8243; _module_preset=&#8220;default&#8220; custom_button=&#8220;on&#8220; button_text_color=&#8220;#FFFFFF&#8220; button_bg_color=&#8220;#EF8192&#8243; global_colors_info=&#8220;{}&#8220;][\/et_pb_button][\/et_pb_column][et_pb_column type=&#8220;1_3&#8243; _builder_version=&#8220;4.20.4&#8243; _module_preset=&#8220;default&#8220; global_colors_info=&#8220;{}&#8220;][et_pb_image src=&#8220;https:\/\/www.ucimekvalitne.cz\/2023\/wp-content\/uploads\/2025\/03\/Uvodni-slide_videoslides_online_1920x1080px_1.jpg&#8220; title_text=&#8220;\u00davodn\u00ed slide_videoslides_online_1920x1080px_1&#8243; url=&#8220;https:\/\/youtu.be\/MZHnU8wgGV0&#8243; _builder_version=&#8220;4.27.4&#8243; _module_preset=&#8220;default&#8220; width=&#8220;80%&#8220; module_alignment=&#8220;center&#8220; global_colors_info=&#8220;{}&#8220;][\/et_pb_image][et_pb_text _builder_version=&#8220;4.27.4&#8243; _module_preset=&#8220;default&#8220; header_3_text_align=&#8220;center&#8220; header_3_text_color=&#8220;#1A437E&#8220; header_3_font_size=&#8220;1.7rem&#8220; header_3_line_height=&#8220;1.3em&#8220; custom_margin=&#8220;||0px||false|false&#8220; link_option_url=&#8220;https:\/\/youtu.be\/MZHnU8wgGV0&#8243; global_colors_info=&#8220;{}&#8220;]<\/p>\n<h3><span>Workshop Hodnotov\u00e9 vzd\u011bl\u00e1v\u00e1n\u00ed Cyril Mooney<\/span><\/h3>\n<p>[\/et_pb_text][et_pb_button button_url=&#8220;https:\/\/youtu.be\/MZHnU8wgGV0&#8243; url_new_window=&#8220;on&#8220; button_text=&#8220;Zhl\u00e9dnout video&#8220; button_alignment=&#8220;center&#8220; _builder_version=&#8220;4.27.4&#8243; _module_preset=&#8220;default&#8220; custom_button=&#8220;on&#8220; button_text_color=&#8220;#FFFFFF&#8220; button_bg_color=&#8220;#EF8192&#8243; global_colors_info=&#8220;{}&#8220;][\/et_pb_button][\/et_pb_column][et_pb_column type=&#8220;1_3&#8243; _builder_version=&#8220;4.20.4&#8243; _module_preset=&#8220;default&#8220; global_colors_info=&#8220;{}&#8220;][et_pb_image src=&#8220;https:\/\/www.ucimekvalitne.cz\/2023\/wp-content\/uploads\/2025\/03\/Uvodni-slide_videoslides_online_1920x1080px_1.jpg&#8220; title_text=&#8220;\u00davodn\u00ed slide_videoslides_online_1920x1080px_1&#8243; url=&#8220;https:\/\/youtu.be\/ESXatrhF-As&#8220; _builder_version=&#8220;4.27.4&#8243; _module_preset=&#8220;default&#8220; width=&#8220;80%&#8220; module_alignment=&#8220;center&#8220; global_colors_info=&#8220;{}&#8220;][\/et_pb_image][et_pb_text _builder_version=&#8220;4.27.4&#8243; _module_preset=&#8220;default&#8220; header_3_text_align=&#8220;center&#8220; header_3_text_color=&#8220;#1A437E&#8220; header_3_font_size=&#8220;1.7rem&#8220; header_3_line_height=&#8220;1.3em&#8220; custom_margin=&#8220;||0px||false|false&#8220; link_option_url=&#8220;https:\/\/youtu.be\/ESXatrhF-As&#8220; global_colors_info=&#8220;{}&#8220;]<\/p>\n<h3><span>Zah\u00e1jen\u00ed a \u00favodn\u00ed slova a panelov\u00e1 diskuze Hodnotov\u00e9 r\u00e1mce ve vzd\u011bl\u00e1vac\u00edm syst\u00e9mu<\/span><\/h3>\n<p>[\/et_pb_text][et_pb_button button_url=&#8220;https:\/\/www.youtube.com\/watch?v=ESXatrhF-As&#8220; url_new_window=&#8220;on&#8220; button_text=&#8220;Zhl\u00e9dnout video&#8220; button_alignment=&#8220;center&#8220; _builder_version=&#8220;4.27.4&#8243; _module_preset=&#8220;default&#8220; custom_button=&#8220;on&#8220; button_text_color=&#8220;#FFFFFF&#8220; button_bg_color=&#8220;#EF8192&#8243; global_colors_info=&#8220;{}&#8220;][\/et_pb_button][\/et_pb_column][\/et_pb_row][et_pb_row column_structure=&#8220;1_3,1_3,1_3&#8243; _builder_version=&#8220;4.20.4&#8243; _module_preset=&#8220;default&#8220; global_colors_info=&#8220;{}&#8220;][et_pb_column type=&#8220;1_3&#8243; _builder_version=&#8220;4.20.4&#8243; _module_preset=&#8220;default&#8220; global_colors_info=&#8220;{}&#8220;][et_pb_image src=&#8220;https:\/\/www.ucimekvalitne.cz\/2023\/wp-content\/uploads\/2025\/03\/Uvodni-slide_videoslides_online_1920x1080px_1.jpg&#8220; title_text=&#8220;\u00davodn\u00ed slide_videoslides_online_1920x1080px_1&#8243; url=&#8220;https:\/\/youtu.be\/Dzk4m_q-RRc&#8220; _builder_version=&#8220;4.27.4&#8243; _module_preset=&#8220;default&#8220; global_colors_info=&#8220;{}&#8220;][\/et_pb_image][et_pb_text _builder_version=&#8220;4.27.4&#8243; _module_preset=&#8220;default&#8220; header_3_text_align=&#8220;center&#8220; header_3_text_color=&#8220;#1A437E&#8220; header_3_font_size=&#8220;1.7rem&#8220; header_3_line_height=&#8220;1.3em&#8220; custom_margin=&#8220;||0px||false|false&#8220; link_option_url=&#8220;https:\/\/youtu.be\/0GnP2i01ffI&#8220; global_colors_info=&#8220;{}&#8220;]<\/p>\n<h3><span>Online rozhovor s Lucy Crehan<\/span><\/h3>\n<p>[\/et_pb_text][et_pb_button button_url=&#8220;https:\/\/youtu.be\/0GnP2i01ffI&#8220; url_new_window=&#8220;on&#8220; button_text=&#8220;Zhl\u00e9dnout video&#8220; button_alignment=&#8220;center&#8220; _builder_version=&#8220;4.27.4&#8243; _module_preset=&#8220;default&#8220; custom_button=&#8220;on&#8220; button_text_color=&#8220;#FFFFFF&#8220; button_bg_color=&#8220;#EF8192&#8243; global_colors_info=&#8220;{}&#8220;][\/et_pb_button][\/et_pb_column][et_pb_column type=&#8220;1_3&#8243; _builder_version=&#8220;4.20.4&#8243; _module_preset=&#8220;default&#8220; global_colors_info=&#8220;{}&#8220;][et_pb_image src=&#8220;https:\/\/www.ucimekvalitne.cz\/2023\/wp-content\/uploads\/2025\/03\/LC.jpg&#8220; title_text=&#8220;LC&#8220; url=&#8220;https:\/\/www.ucimekvalitne.cz\/2023\/wp-content\/uploads\/2023\/04\/Lucy-Crehan.pdf&#8220; _builder_version=&#8220;4.27.4&#8243; _module_preset=&#8220;default&#8220; width=&#8220;80%&#8220; module_alignment=&#8220;center&#8220; global_colors_info=&#8220;{}&#8220;][\/et_pb_image][et_pb_text _builder_version=&#8220;4.21.0&#8243; _module_preset=&#8220;default&#8220; header_3_text_align=&#8220;center&#8220; header_3_text_color=&#8220;#1A437E&#8220; header_3_font_size=&#8220;1.7rem&#8220; header_3_line_height=&#8220;1.3em&#8220; custom_margin=&#8220;||0px||false|false&#8220; global_colors_info=&#8220;{}&#8220;]<\/p>\n<h3>Lucy Crehan<\/h3>\n<p>[\/et_pb_text][et_pb_button button_url=&#8220;https:\/\/www.ucimekvalitne.cz\/2023\/wp-content\/uploads\/2023\/04\/Lucy-Crehan.pdf&#8220; url_new_window=&#8220;on&#8220; button_text=&#8220;St\u00e1hnout PDF&#8220; button_alignment=&#8220;center&#8220; _builder_version=&#8220;4.27.4&#8243; _module_preset=&#8220;default&#8220; custom_button=&#8220;on&#8220; button_text_color=&#8220;#FFFFFF&#8220; button_bg_color=&#8220;#EF8192&#8243; global_colors_info=&#8220;{}&#8220;][\/et_pb_button][\/et_pb_column][et_pb_column type=&#8220;1_3&#8243; _builder_version=&#8220;4.20.4&#8243; _module_preset=&#8220;default&#8220; global_colors_info=&#8220;{}&#8220;][\/et_pb_column][\/et_pb_row][et_pb_row column_structure=&#8220;1_3,1_3,1_3&#8243; _builder_version=&#8220;4.20.4&#8243; _module_preset=&#8220;default&#8220; global_colors_info=&#8220;{}&#8220;][et_pb_column type=&#8220;1_3&#8243; _builder_version=&#8220;4.20.4&#8243; _module_preset=&#8220;default&#8220; global_colors_info=&#8220;{}&#8220;][et_pb_image src=&#8220;https:\/\/www.ucimekvalitne.cz\/2023\/wp-content\/uploads\/2023\/05\/24-idei.png&#8220; _builder_version=&#8220;4.21.0&#8243; _module_preset=&#8220;default&#8220; global_colors_info=&#8220;{}&#8220;][\/et_pb_image][et_pb_text _builder_version=&#8220;4.27.4&#8243; _module_preset=&#8220;default&#8220; header_3_text_align=&#8220;center&#8220; header_3_text_color=&#8220;#1A437E&#8220; header_3_font_size=&#8220;1.7rem&#8220; header_3_line_height=&#8220;1.3em&#8220; custom_margin=&#8220;||0px||false|false&#8220; global_colors_info=&#8220;{}&#8220;]<\/p>\n<h3>21 vide\u00ed<\/h3>\n<p>[\/et_pb_text][et_pb_button button_url=&#8220;https:\/\/www.ucimekvalitne.cz\/2023\/wp-content\/uploads\/2023\/04\/21-ideji-pro-vzdelavani-v-21.-stoleti.pdf&#8220; url_new_window=&#8220;on&#8220; button_text=&#8220;St\u00e1hnout PDF&#8220; button_alignment=&#8220;center&#8220; _builder_version=&#8220;4.21.0&#8243; _module_preset=&#8220;default&#8220; custom_button=&#8220;on&#8220; button_text_color=&#8220;#FFFFFF&#8220; button_bg_color=&#8220;#EF8192&#8243; global_colors_info=&#8220;{}&#8220;][\/et_pb_button][\/et_pb_column][et_pb_column type=&#8220;1_3&#8243; _builder_version=&#8220;4.20.4&#8243; _module_preset=&#8220;default&#8220; global_colors_info=&#8220;{}&#8220;][et_pb_image src=&#8220;https:\/\/www.ucimekvalitne.cz\/2023\/wp-content\/uploads\/2023\/05\/eticky-kodex-ucitele.png&#8220; _builder_version=&#8220;4.21.0&#8243; _module_preset=&#8220;default&#8220; width=&#8220;80%&#8220; module_alignment=&#8220;center&#8220; global_colors_info=&#8220;{}&#8220;][\/et_pb_image][et_pb_text _builder_version=&#8220;4.20.4&#8243; _module_preset=&#8220;default&#8220; header_3_text_align=&#8220;center&#8220; header_3_text_color=&#8220;#1A437E&#8220; header_3_font_size=&#8220;1.7rem&#8220; header_3_line_height=&#8220;1.3em&#8220; custom_margin=&#8220;||0px||false|false&#8220; global_colors_info=&#8220;{}&#8220;]<\/p>\n<h3>Etick\u00fd kodex u\u010ditele<\/h3>\n<p>[\/et_pb_text][et_pb_button button_url=&#8220;https:\/\/www.ucimekvalitne.cz\/2023\/wp-content\/uploads\/2023\/04\/Eticky-kodex-ucitele.pdf&#8220; url_new_window=&#8220;on&#8220; button_text=&#8220;St\u00e1hnout PDF&#8220; button_alignment=&#8220;center&#8220; _builder_version=&#8220;4.21.0&#8243; _module_preset=&#8220;default&#8220; custom_button=&#8220;on&#8220; button_text_color=&#8220;#FFFFFF&#8220; button_bg_color=&#8220;#EF8192&#8243; global_colors_info=&#8220;{}&#8220;][\/et_pb_button][\/et_pb_column][et_pb_column type=&#8220;1_3&#8243; _builder_version=&#8220;4.20.4&#8243; _module_preset=&#8220;default&#8220; global_colors_info=&#8220;{}&#8220;][et_pb_image src=&#8220;https:\/\/www.ucimekvalitne.cz\/2023\/wp-content\/uploads\/2023\/05\/green-comp.png&#8220; _builder_version=&#8220;4.21.0&#8243; _module_preset=&#8220;default&#8220; width=&#8220;80%&#8220; module_alignment=&#8220;center&#8220; global_colors_info=&#8220;{}&#8220;][\/et_pb_image][et_pb_text _builder_version=&#8220;4.20.4&#8243; _module_preset=&#8220;default&#8220; header_3_text_align=&#8220;center&#8220; header_3_text_color=&#8220;#1A437E&#8220; header_3_font_size=&#8220;1.7rem&#8220; header_3_line_height=&#8220;1.3em&#8220; custom_margin=&#8220;||0px||false|false&#8220; global_colors_info=&#8220;{}&#8220;]<\/p>\n<h3>Green Comp<\/h3>\n<p>[\/et_pb_text][et_pb_button button_url=&#8220;https:\/\/www.ucimekvalitne.cz\/2023\/wp-content\/uploads\/2023\/04\/Green-Comp-EU.pdf&#8220; url_new_window=&#8220;on&#8220; button_text=&#8220;St\u00e1hnout PDF&#8220; button_alignment=&#8220;center&#8220; _builder_version=&#8220;4.21.0&#8243; _module_preset=&#8220;default&#8220; custom_button=&#8220;on&#8220; button_text_color=&#8220;#FFFFFF&#8220; button_bg_color=&#8220;#EF8192&#8243; global_colors_info=&#8220;{}&#8220;][\/et_pb_button][\/et_pb_column][\/et_pb_row][et_pb_row column_structure=&#8220;1_3,1_3,1_3&#8243; _builder_version=&#8220;4.20.4&#8243; _module_preset=&#8220;default&#8220; global_colors_info=&#8220;{}&#8220;][et_pb_column type=&#8220;1_3&#8243; _builder_version=&#8220;4.20.4&#8243; _module_preset=&#8220;default&#8220; global_colors_info=&#8220;{}&#8220;][et_pb_image src=&#8220;https:\/\/www.ucimekvalitne.cz\/2023\/wp-content\/uploads\/2023\/05\/strategie-vzdelavaci-politiky.png&#8220; title_text=&#8220;strategie-vzdelavaci-politiky&#8220; _builder_version=&#8220;4.21.0&#8243; _module_preset=&#8220;default&#8220; width=&#8220;80%&#8220; module_alignment=&#8220;center&#8220; global_colors_info=&#8220;{}&#8220;][\/et_pb_image][et_pb_text _builder_version=&#8220;4.20.4&#8243; _module_preset=&#8220;default&#8220; header_3_text_align=&#8220;center&#8220; header_3_text_color=&#8220;#1A437E&#8220; header_3_font_size=&#8220;1.7rem&#8220; header_3_line_height=&#8220;1.3em&#8220; custom_margin=&#8220;||0px||false|false&#8220; global_colors_info=&#8220;{}&#8220;]<\/p>\n<h3>Strategie vzd\u011bl\u00e1vac\u00ed politiky \u010desk\u00e9 republiky do roku 2030+<\/h3>\n<p>[\/et_pb_text][et_pb_button button_url=&#8220;https:\/\/www.ucimekvalitne.cz\/2023\/wp-content\/uploads\/2023\/04\/Strategie-vzdelavaci-politiky-CR-do-roku-2030.pdf&#8220; url_new_window=&#8220;on&#8220; button_text=&#8220;St\u00e1hnout PDF&#8220; button_alignment=&#8220;center&#8220; _builder_version=&#8220;4.21.0&#8243; _module_preset=&#8220;default&#8220; custom_button=&#8220;on&#8220; button_text_color=&#8220;#FFFFFF&#8220; button_bg_color=&#8220;#EF8192&#8243; global_colors_info=&#8220;{}&#8220;][\/et_pb_button][\/et_pb_column][et_pb_column type=&#8220;1_3&#8243; _builder_version=&#8220;4.20.4&#8243; _module_preset=&#8220;default&#8220; global_colors_info=&#8220;{}&#8220;][et_pb_image src=&#8220;https:\/\/www.ucimekvalitne.cz\/2023\/wp-content\/uploads\/2023\/05\/lucy-crehan-picture.jpg&#8220; title_text=&#8220;lucy-crehan-picture&#8220; url=&#8220;https:\/\/youtu.be\/yA-9YYJgpv4&#8243; _builder_version=&#8220;4.27.4&#8243; _module_preset=&#8220;default&#8220; width=&#8220;80%&#8220; module_alignment=&#8220;center&#8220; global_colors_info=&#8220;{}&#8220;][\/et_pb_image][et_pb_text _builder_version=&#8220;4.21.0&#8243; _module_preset=&#8220;default&#8220; header_3_text_align=&#8220;center&#8220; header_3_text_color=&#8220;#1A437E&#8220; header_3_font_size=&#8220;1.7rem&#8220; header_3_line_height=&#8220;1.3em&#8220; custom_margin=&#8220;||0px||false|false&#8220; global_colors_info=&#8220;{}&#8220;]<\/p>\n<h3>Lucy Crehan<\/h3>\n<p>[\/et_pb_text][et_pb_button button_url=&#8220;https:\/\/youtu.be\/yA-9YYJgpv4&#8243; url_new_window=&#8220;on&#8220; button_text=&#8220;Zhl\u00e9dnout video&#8220; button_alignment=&#8220;center&#8220; _builder_version=&#8220;4.27.4&#8243; _module_preset=&#8220;default&#8220; custom_button=&#8220;on&#8220; button_text_color=&#8220;#FFFFFF&#8220; button_bg_color=&#8220;#EF8192&#8243; global_colors_info=&#8220;{}&#8220;][\/et_pb_button][\/et_pb_column][et_pb_column type=&#8220;1_3&#8243; _builder_version=&#8220;4.20.4&#8243; _module_preset=&#8220;default&#8220; global_colors_info=&#8220;{}&#8220;][et_pb_image src=&#8220;https:\/\/www.ucimekvalitne.cz\/2023\/wp-content\/uploads\/2023\/05\/unesco.png&#8220; title_text=&#8220;unesco&#8220; _builder_version=&#8220;4.21.0&#8243; _module_preset=&#8220;default&#8220; width=&#8220;70%&#8220; module_alignment=&#8220;center&#8220; global_colors_info=&#8220;{}&#8220;][\/et_pb_image][et_pb_text _builder_version=&#8220;4.20.4&#8243; _module_preset=&#8220;default&#8220; header_3_text_align=&#8220;center&#8220; header_3_text_color=&#8220;#1A437E&#8220; header_3_font_size=&#8220;1.7rem&#8220; header_3_line_height=&#8220;1.3em&#8220; custom_margin=&#8220;||0px||false|false&#8220; global_colors_info=&#8220;{}&#8220;]<\/p>\n<h3>REIMAGINING A new social OUR FUTURES contract for TOGETHER education<\/h3>\n<p>[\/et_pb_text][et_pb_button button_url=&#8220;https:\/\/www.ucimekvalitne.cz\/2023\/wp-content\/uploads\/2023\/04\/UNESCO_ReimaginingOurFutures_ANewSocialContractForEducation.pdf&#8220; url_new_window=&#8220;on&#8220; button_text=&#8220;St\u00e1hnout PDF&#8220; button_alignment=&#8220;center&#8220; _builder_version=&#8220;4.21.0&#8243; _module_preset=&#8220;default&#8220; custom_button=&#8220;on&#8220; button_text_color=&#8220;#FFFFFF&#8220; button_bg_color=&#8220;#EF8192&#8243; global_colors_info=&#8220;{}&#8220;][\/et_pb_button][\/et_pb_column][\/et_pb_row][et_pb_row column_structure=&#8220;1_3,1_3,1_3&#8243; _builder_version=&#8220;4.20.4&#8243; _module_preset=&#8220;default&#8220; global_colors_info=&#8220;{}&#8220;][et_pb_column type=&#8220;1_3&#8243; _builder_version=&#8220;4.20.4&#8243; _module_preset=&#8220;default&#8220; global_colors_info=&#8220;{}&#8220;][et_pb_image src=&#8220;https:\/\/www.ucimekvalitne.cz\/2023\/wp-content\/uploads\/2023\/05\/Neduvera-v-potencial-kazdeho-zaka.jpg&#8220; title_text=&#8220;Ned\u016fv\u011bra v potenci\u00e1l ka\u017ed\u00e9ho \u017e\u00e1ka&#8220; _builder_version=&#8220;4.21.0&#8243; _module_preset=&#8220;default&#8220; width=&#8220;80%&#8220; module_alignment=&#8220;center&#8220; global_colors_info=&#8220;{}&#8220;][\/et_pb_image][et_pb_text _builder_version=&#8220;4.21.0&#8243; _module_preset=&#8220;default&#8220; header_3_text_align=&#8220;center&#8220; header_3_text_color=&#8220;#1A437E&#8220; header_3_font_size=&#8220;1.7rem&#8220; header_3_line_height=&#8220;1.3em&#8220; custom_margin=&#8220;||0px||false|false&#8220; global_colors_info=&#8220;{}&#8220;]<\/p>\n<h3>(Ne)d\u016fv\u011bra v potenci\u00e1l ka\u017ed\u00e9ho \u017e\u00e1ka<\/h3>\n<p>[\/et_pb_text][et_pb_button button_url=&#8220;https:\/\/www.ucimekvalitne.cz\/2023\/wp-content\/uploads\/2023\/04\/Neduvera-v-potencial-kazdeho-zaka-2.pdf&#8220; url_new_window=&#8220;on&#8220; button_text=&#8220;St\u00e1hnout PDF&#8220; button_alignment=&#8220;center&#8220; _builder_version=&#8220;4.21.0&#8243; _module_preset=&#8220;default&#8220; custom_button=&#8220;on&#8220; button_text_color=&#8220;#FFFFFF&#8220; button_bg_color=&#8220;#EF8192&#8243; global_colors_info=&#8220;{}&#8220;][\/et_pb_button][\/et_pb_column][et_pb_column type=&#8220;1_3&#8243; _builder_version=&#8220;4.20.4&#8243; _module_preset=&#8220;default&#8220; global_colors_info=&#8220;{}&#8220;][et_pb_image src=&#8220;https:\/\/www.ucimekvalitne.cz\/2023\/wp-content\/uploads\/2023\/05\/LC.jpg&#8220; title_text=&#8220;LC&#8220; _builder_version=&#8220;4.21.0&#8243; _module_preset=&#8220;default&#8220; width=&#8220;80%&#8220; module_alignment=&#8220;center&#8220; global_colors_info=&#8220;{}&#8220;][\/et_pb_image][et_pb_text _builder_version=&#8220;4.21.0&#8243; _module_preset=&#8220;default&#8220; header_3_text_align=&#8220;center&#8220; header_3_text_color=&#8220;#1A437E&#8220; header_3_font_size=&#8220;1.7rem&#8220; header_3_line_height=&#8220;1.3em&#8220; custom_margin=&#8220;||0px||false|false&#8220; global_colors_info=&#8220;{}&#8220;]<\/p>\n<h3>Lucy Crehan online prezentace<\/h3>\n<p>[\/et_pb_text][et_pb_button button_url=&#8220;https:\/\/www.ucimekvalitne.cz\/2023\/wp-content\/uploads\/2023\/05\/Prague-plus.pdf&#8220; url_new_window=&#8220;on&#8220; button_text=&#8220;St\u00e1hnout PDF&#8220; button_alignment=&#8220;center&#8220; _builder_version=&#8220;4.21.0&#8243; _module_preset=&#8220;default&#8220; custom_button=&#8220;on&#8220; button_text_color=&#8220;#FFFFFF&#8220; button_bg_color=&#8220;#EF8192&#8243; global_colors_info=&#8220;{}&#8220;][\/et_pb_button][\/et_pb_column][et_pb_column type=&#8220;1_3&#8243; _builder_version=&#8220;4.20.4&#8243; _module_preset=&#8220;default&#8220; global_colors_info=&#8220;{}&#8220;][et_pb_image src=&#8220;https:\/\/www.ucimekvalitne.cz\/2023\/wp-content\/uploads\/2023\/05\/Cemu-spolecne-verime.jpg&#8220; title_text=&#8220;\u010cemu spole\u010dn\u011b v\u011b\u0159\u00edme&#8220; _builder_version=&#8220;4.21.0&#8243; _module_preset=&#8220;default&#8220; width=&#8220;70%&#8220; module_alignment=&#8220;center&#8220; global_colors_info=&#8220;{}&#8220;][\/et_pb_image][et_pb_text _builder_version=&#8220;4.27.4&#8243; _module_preset=&#8220;default&#8220; header_3_text_align=&#8220;center&#8220; header_3_text_color=&#8220;#1A437E&#8220; header_3_font_size=&#8220;1.7rem&#8220; header_3_line_height=&#8220;1.3em&#8220; custom_margin=&#8220;||0px||false|false&#8220; hover_enabled=&#8220;0&#8243; global_colors_info=&#8220;{}&#8220; sticky_enabled=&#8220;0&#8243;]<\/p>\n<h3>\u010cemu spole\u010dn\u011b v\u011b\u0159\u00edme ve vzd\u011bl\u00e1v\u00e1n\u00ed<\/h3>\n<p>[\/et_pb_text][et_pb_button button_url=&#8220;https:\/\/www.ucimekvalitne.cz\/2023\/wp-content\/uploads\/2023\/05\/Cemu-spolecne-verime-ve-vzdelavani.pptx.pdf&#8220; url_new_window=&#8220;on&#8220; button_text=&#8220;St\u00e1hnout PDF&#8220; button_alignment=&#8220;center&#8220; _builder_version=&#8220;4.21.0&#8243; _module_preset=&#8220;default&#8220; custom_button=&#8220;on&#8220; button_text_color=&#8220;#FFFFFF&#8220; button_bg_color=&#8220;#EF8192&#8243; global_colors_info=&#8220;{}&#8220;][\/et_pb_button][\/et_pb_column][\/et_pb_row][\/et_pb_section]<\/p>\n","protected":false},"excerpt":{"rendered":"<p>Inspirace(Ne)d\u016fv\u011bra v potenci\u00e1l ka\u017ed\u00e9ho \u017e\u00e1kaWorkshop Hodnotov\u00e9 vzd\u011bl\u00e1v\u00e1n\u00ed Cyril MooneyZah\u00e1jen\u00ed a \u00favodn\u00ed slova a panelov\u00e1 diskuze Hodnotov\u00e9 r\u00e1mce ve vzd\u011bl\u00e1vac\u00edm syst\u00e9muOnline rozhovor s Lucy CrehanLucy Crehan21 vide\u00edEtick\u00fd kodex u\u010diteleGreen CompStrategie vzd\u011bl\u00e1vac\u00ed politiky \u010desk\u00e9 republiky do roku 2030+Lucy CrehanREIMAGINING A new social OUR FUTURES contract for TOGETHER education(Ne)d\u016fv\u011bra v potenci\u00e1l ka\u017ed\u00e9ho \u017e\u00e1kaLucy Crehan online prezentace\u010cemu spole\u010dn\u011b v\u011b\u0159\u00edme [&hellip;]<\/p>\n","protected":false},"author":1,"featured_media":0,"parent":0,"menu_order":0,"comment_status":"closed","ping_status":"closed","template":"","meta":{"_et_pb_use_builder":"on","_et_pb_old_content":"","_et_gb_content_width":"","inline_featured_image":false,"footnotes":""},"class_list":["post-486","page","type-page","status-publish","hentry"],"_links":{"self":[{"href":"https:\/\/www.ucimekvalitne.cz\/2023\/wp-json\/wp\/v2\/pages\/486","targetHints":{"allow":["GET"]}}],"collection":[{"href":"https:\/\/www.ucimekvalitne.cz\/2023\/wp-json\/wp\/v2\/pages"}],"about":[{"href":"https:\/\/www.ucimekvalitne.cz\/2023\/wp-json\/wp\/v2\/types\/page"}],"author":[{"embeddable":true,"href":"https:\/\/www.ucimekvalitne.cz\/2023\/wp-json\/wp\/v2\/users\/1"}],"replies":[{"embeddable":true,"href":"https:\/\/www.ucimekvalitne.cz\/2023\/wp-json\/wp\/v2\/comments?post=486"}],"version-history":[{"count":16,"href":"https:\/\/www.ucimekvalitne.cz\/2023\/wp-json\/wp\/v2\/pages\/486\/revisions"}],"predecessor-version":[{"id":583,"href":"https:\/\/www.ucimekvalitne.cz\/2023\/wp-json\/wp\/v2\/pages\/486\/revisions\/583"}],"wp:attachment":[{"href":"https:\/\/www.ucimekvalitne.cz\/2023\/wp-json\/wp\/v2\/media?parent=486"}],"curies":[{"name":"wp","href":"https:\/\/api.w.org\/{rel}","templated":true}]}}