{"id":750,"date":"2024-10-15T14:20:31","date_gmt":"2024-10-15T12:20:31","guid":{"rendered":"https:\/\/www.ucimekvalitne.cz\/2024\/?page_id=750"},"modified":"2024-10-23T08:05:09","modified_gmt":"2024-10-23T06:05:09","slug":"vystupy","status":"publish","type":"page","link":"https:\/\/www.ucimekvalitne.cz\/2024\/vystupy\/","title":{"rendered":"V\u00fdstupy"},"content":{"rendered":"<p>[et_pb_section fb_built=&#8220;1&#8243; _builder_version=&#8220;4.27.0&#8243; _module_preset=&#8220;default&#8220; global_colors_info=&#8220;{}&#8220;][et_pb_row _builder_version=&#8220;4.27.0&#8243; _module_preset=&#8220;default&#8220; max_width=&#8220;1440px&#8220; global_colors_info=&#8220;{}&#8220;][et_pb_column type=&#8220;4_4&#8243; _builder_version=&#8220;4.27.0&#8243; _module_preset=&#8220;default&#8220; global_colors_info=&#8220;{}&#8220;][et_pb_text _builder_version=&#8220;4.27.0&#8243; _module_preset=&#8220;default&#8220; text_font=&#8220;Axiforma||||||||&#8220; text_font_size=&#8220;12px&#8220; header_font=&#8220;axiforma-bold||||||||&#8220; header_text_color=&#8220;#1A437E&#8220; header_font_size=&#8220;45px&#8220; header_2_font=&#8220;axiforma-bold|700|||||||&#8220; header_2_text_align=&#8220;left&#8220; header_2_text_color=&#8220;#1A437E&#8220; header_2_font_size=&#8220;2.8rem&#8220; header_2_line_height=&#8220;1.2em&#8220; custom_margin=&#8220;||15px||false|false&#8220; header_font_size_tablet=&#8220;45px&#8220; header_font_size_phone=&#8220;3rem&#8220; header_font_size_last_edited=&#8220;on|desktop&#8220; header_2_font_size_tablet=&#8220;3.9rem&#8220; header_2_font_size_phone=&#8220;3rem&#8220; header_2_font_size_last_edited=&#8220;on|phone&#8220; header_2_line_height_tablet=&#8220;0.9em&#8220; header_2_line_height_phone=&#8220;1.2em&#8220; header_2_line_height_last_edited=&#8220;on|phone&#8220; locked=&#8220;off&#8220; global_colors_info=&#8220;{}&#8220;]<\/p>\n<h1>V\u00fdstupy<\/h1>\n<p>[\/et_pb_text][\/et_pb_column][\/et_pb_row][et_pb_row column_structure=&#8220;1_3,1_3,1_3&#8243; make_equal=&#8220;on&#8220; _builder_version=&#8220;4.27.0&#8243; _module_preset=&#8220;default&#8220; max_width=&#8220;1440px&#8220; global_colors_info=&#8220;{}&#8220;][et_pb_column type=&#8220;1_3&#8243; _builder_version=&#8220;4.27.0&#8243; _module_preset=&#8220;default&#8220; global_colors_info=&#8220;{}&#8220;][et_pb_image src=&#8220;https:\/\/www.ucimekvalitne.cz\/2024\/wp-content\/uploads\/2024\/10\/RP.jpg&#8220; title_text=&#8220;RP&#8220; url=&#8220;https:\/\/www.ucimekvalitne.cz\/2024\/wp-content\/uploads\/2024\/10\/Rado-Pittner.pdf&#8220; url_new_window=&#8220;on&#8220; _builder_version=&#8220;4.27.0&#8243; _module_preset=&#8220;default&#8220; global_colors_info=&#8220;{}&#8220;][\/et_pb_image][et_pb_text _builder_version=&#8220;4.27.0&#8243; _module_preset=&#8220;default&#8220; text_font=&#8220;axiforma-bold||||||||&#8220; text_text_color=&#8220;#1A437E&#8220; global_colors_info=&#8220;{}&#8220;]<\/p>\n<p style=\"text-align: center;\">Nov\u00e1 nerovnost v dob\u011b rychl\u00fdch zm\u011bn<\/p>\n<p style=\"text-align: center;\">Radoslav Pittner<\/p>\n<p>[\/et_pb_text][\/et_pb_column][et_pb_column type=&#8220;1_3&#8243; _builder_version=&#8220;4.27.0&#8243; _module_preset=&#8220;default&#8220; global_colors_info=&#8220;{}&#8220;][et_pb_image src=&#8220;https:\/\/www.ucimekvalitne.cz\/2024\/wp-content\/uploads\/2024\/10\/JT-scaled.jpg&#8220; title_text=&#8220;JT&#8220; url=&#8220;https:\/\/www.ucimekvalitne.cz\/2024\/wp-content\/uploads\/2024\/10\/Jan-Tesarek.pdf&#8220; url_new_window=&#8220;on&#8220; _builder_version=&#8220;4.27.0&#8243; _module_preset=&#8220;default&#8220; global_colors_info=&#8220;{}&#8220;][\/et_pb_image][et_pb_text _builder_version=&#8220;4.27.0&#8243; _module_preset=&#8220;default&#8220; text_font=&#8220;axiforma-bold||||||||&#8220; text_text_color=&#8220;#1A437E&#8220; global_colors_info=&#8220;{}&#8220;]<\/p>\n<p style=\"text-align: center;\">Rozvoj odolnosti v prom\u011bnliv\u00e9 dob\u011b<\/p>\n<p style=\"text-align: center;\">Jan Tes\u00e1rek<\/p>\n<p>[\/et_pb_text][\/et_pb_column][et_pb_column type=&#8220;1_3&#8243; _builder_version=&#8220;4.27.0&#8243; _module_preset=&#8220;default&#8220; global_colors_info=&#8220;{}&#8220;][et_pb_image src=&#8220;https:\/\/www.ucimekvalitne.cz\/2024\/wp-content\/uploads\/2024\/10\/MHS.jpg&#8220; title_text=&#8220;MHS&#8220; url=&#8220;https:\/\/www.ucimekvalitne.cz\/2024\/wp-content\/uploads\/2024\/10\/Marie-Salomonova.pdf&#8220; url_new_window=&#8220;on&#8220; _builder_version=&#8220;4.27.0&#8243; _module_preset=&#8220;default&#8220; global_colors_info=&#8220;{}&#8220;][\/et_pb_image][et_pb_text _builder_version=&#8220;4.27.0&#8243; _module_preset=&#8220;default&#8220; text_font=&#8220;axiforma-bold||||||||&#8220; text_text_color=&#8220;#1A437E&#8220; global_colors_info=&#8220;{}&#8220;]<\/p>\n<p style=\"text-align: center;\">Wellbeing jako cesta k odolnosti<\/p>\n<p style=\"text-align: center;\">Marie H\u00e1jek Salomonov\u00e1<\/p>\n<p>[\/et_pb_text][\/et_pb_column][\/et_pb_row][et_pb_row column_structure=&#8220;1_3,1_3,1_3&#8243; make_equal=&#8220;on&#8220; _builder_version=&#8220;4.27.0&#8243; _module_preset=&#8220;default&#8220; max_width=&#8220;1440px&#8220; global_colors_info=&#8220;{}&#8220;][et_pb_column type=&#8220;1_3&#8243; _builder_version=&#8220;4.27.0&#8243; _module_preset=&#8220;default&#8220; global_colors_info=&#8220;{}&#8220;][et_pb_image src=&#8220;https:\/\/www.ucimekvalitne.cz\/2024\/wp-content\/uploads\/2024\/10\/LK.jpg&#8220; title_text=&#8220;LK&#8220; url=&#8220;https:\/\/www.ucimekvalitne.cz\/2024\/wp-content\/uploads\/2024\/10\/Lenka-Kollerova.pdf&#8220; url_new_window=&#8220;on&#8220; _builder_version=&#8220;4.27.0&#8243; _module_preset=&#8220;default&#8220; global_colors_info=&#8220;{}&#8220;][\/et_pb_image][et_pb_text _builder_version=&#8220;4.27.0&#8243; _module_preset=&#8220;default&#8220; text_font=&#8220;axiforma-bold||||||||&#8220; text_text_color=&#8220;#1A437E&#8220; global_colors_info=&#8220;{}&#8220;]<\/p>\n<p style=\"text-align: center;\"><span>Bari\u00e9ry a mo\u017enosti v podpo\u0159e za\u010dle\u0148ov\u00e1n\u00ed a rovnosti v t\u0159\u00eddn\u00edch kolektivech<\/span><\/p>\n<p style=\"text-align: center;\">Lenka Kollerov\u00e1<\/p>\n<p>[\/et_pb_text][\/et_pb_column][et_pb_column type=&#8220;1_3&#8243; _builder_version=&#8220;4.27.0&#8243; _module_preset=&#8220;default&#8220; global_colors_info=&#8220;{}&#8220;][et_pb_image src=&#8220;https:\/\/www.ucimekvalitne.cz\/2024\/wp-content\/uploads\/2024\/10\/KS-scaled.jpg&#8220; title_text=&#8220;K\u0160&#8220; url=&#8220;https:\/\/www.ucimekvalitne.cz\/2024\/wp-content\/uploads\/2024\/10\/Kafkova-Slapal.pdf&#8220; url_new_window=&#8220;on&#8220; _builder_version=&#8220;4.27.0&#8243; _module_preset=&#8220;default&#8220; global_colors_info=&#8220;{}&#8220;][\/et_pb_image][et_pb_text _builder_version=&#8220;4.27.0&#8243; _module_preset=&#8220;default&#8220; text_font=&#8220;axiforma-bold||||||||&#8220; text_text_color=&#8220;#1A437E&#8220; global_colors_info=&#8220;{}&#8220;]<\/p>\n<p style=\"text-align: center;\"><span>\u010cten\u00edm a psan\u00edm k odoln\u00e9 spole\u010dnosti<\/span><\/p>\n<p style=\"text-align: center;\">Michaela Kafkov\u00e1, Milo\u0161 \u0160lapal<\/p>\n<p>[\/et_pb_text][\/et_pb_column][et_pb_column type=&#8220;1_3&#8243; _builder_version=&#8220;4.27.0&#8243; _module_preset=&#8220;default&#8220; global_colors_info=&#8220;{}&#8220;][et_pb_image src=&#8220;https:\/\/www.ucimekvalitne.cz\/2024\/wp-content\/uploads\/2024\/10\/DP.jpg&#8220; title_text=&#8220;DP&#8220; url=&#8220;https:\/\/www.ucimekvalitne.cz\/2024\/wp-content\/uploads\/2024\/10\/Dana-Prazakova.pdf&#8220; url_new_window=&#8220;on&#8220; _builder_version=&#8220;4.27.0&#8243; _module_preset=&#8220;default&#8220; global_colors_info=&#8220;{}&#8220;][\/et_pb_image][et_pb_text _builder_version=&#8220;4.27.0&#8243; _module_preset=&#8220;default&#8220; text_font=&#8220;axiforma-bold||||||||&#8220; text_text_color=&#8220;#1A437E&#8220; global_colors_info=&#8220;{}&#8220;]<\/p>\n<p style=\"text-align: center;\"><span>Odolnost a hou\u017eevnatost mezi daty a \u017eivotem<\/span><\/p>\n<p style=\"text-align: center;\">Dana Pra\u017e\u00e1kov\u00e1, Franti\u0161ek Tich\u00fd<\/p>\n<p>[\/et_pb_text][\/et_pb_column][\/et_pb_row][et_pb_row column_structure=&#8220;1_3,1_3,1_3&#8243; make_equal=&#8220;on&#8220; _builder_version=&#8220;4.27.0&#8243; _module_preset=&#8220;default&#8220; max_width=&#8220;1440px&#8220; global_colors_info=&#8220;{}&#8220;][et_pb_column type=&#8220;1_3&#8243; _builder_version=&#8220;4.27.0&#8243; _module_preset=&#8220;default&#8220; global_colors_info=&#8220;{}&#8220;][et_pb_image src=&#8220;https:\/\/www.ucimekvalitne.cz\/2024\/wp-content\/uploads\/2024\/10\/JM.jpg&#8220; title_text=&#8220;JM&#8220; url=&#8220;https:\/\/www.ucimekvalitne.cz\/2024\/wp-content\/uploads\/2024\/10\/Janette-Motlova.pdf&#8220; url_new_window=&#8220;on&#8220; _builder_version=&#8220;4.27.0&#8243; _module_preset=&#8220;default&#8220; global_colors_info=&#8220;{}&#8220;][\/et_pb_image][et_pb_text _builder_version=&#8220;4.27.0&#8243; _module_preset=&#8220;default&#8220; text_font=&#8220;axiforma-bold||||||||&#8220; text_text_color=&#8220;#1A437E&#8220; global_colors_info=&#8220;{}&#8220;]<\/p>\n<p style=\"text-align: center;\"><span>P\u0159es vn\u00edmavost k f\u00e9rovosti<\/span><\/p>\n<p style=\"text-align: center;\">Janette Motlov\u00e1<\/p>\n<p>[\/et_pb_text][\/et_pb_column][et_pb_column type=&#8220;1_3&#8243; _builder_version=&#8220;4.27.0&#8243; _module_preset=&#8220;default&#8220; global_colors_info=&#8220;{}&#8220;][et_pb_image src=&#8220;https:\/\/www.ucimekvalitne.cz\/2024\/wp-content\/uploads\/2024\/10\/JR.jpg&#8220; title_text=&#8220;JR&#8220; url=&#8220;https:\/\/www.ucimekvalitne.cz\/2024\/wp-content\/uploads\/2024\/10\/Jakub-Rychly.pdf&#8220; url_new_window=&#8220;on&#8220; _builder_version=&#8220;4.27.0&#8243; _module_preset=&#8220;default&#8220; global_colors_info=&#8220;{}&#8220;][\/et_pb_image][et_pb_text _builder_version=&#8220;4.27.0&#8243; _module_preset=&#8220;default&#8220; text_font=&#8220;axiforma-bold||||||||&#8220; text_text_color=&#8220;#1A437E&#8220; global_colors_info=&#8220;{}&#8220;]<\/p>\n<p style=\"text-align: center;\"><span>Finan\u010dn\u011b odoln\u00e1 spole\u010dnost<\/span><\/p>\n<p style=\"text-align: center;\">Jakub Rychl\u00fd<\/p>\n<p>[\/et_pb_text][\/et_pb_column][et_pb_column type=&#8220;1_3&#8243; _builder_version=&#8220;4.27.0&#8243; _module_preset=&#8220;default&#8220; global_colors_info=&#8220;{}&#8220;][et_pb_image src=&#8220;https:\/\/www.ucimekvalitne.cz\/2024\/wp-content\/uploads\/2024\/10\/Diky-ze-muzem.jpg&#8220; title_text=&#8220;D\u00edky, \u017ee m\u016f\u017eem&#8220; url=&#8220;https:\/\/www.canva.com\/design\/DAGTlJuRbCY\/6eHpdgvBkNYQJJY5zgybcQ\/view?utm_content=DAGTlJuRbCY&#038;utm_campaign=designshare&#038;utm_medium=link&#038;utm_source=editor&#8220; _builder_version=&#8220;4.27.0&#8243; _module_preset=&#8220;default&#8220; global_colors_info=&#8220;{}&#8220;][\/et_pb_image][et_pb_text _builder_version=&#8220;4.27.0&#8243; _module_preset=&#8220;default&#8220; text_font=&#8220;axiforma-bold||||||||&#8220; text_text_color=&#8220;#1A437E&#8220; global_colors_info=&#8220;{}&#8220;]<\/p>\n<p style=\"text-align: center;\"><span>D\u00edky, \u017ee m\u016f\u017eem<\/span><\/p>\n<p style=\"text-align: center;\">Matou\u0161 Ettler<\/p>\n<p>[\/et_pb_text][\/et_pb_column][\/et_pb_row][et_pb_row column_structure=&#8220;1_3,1_3,1_3&#8243; make_equal=&#8220;on&#8220; _builder_version=&#8220;4.27.0&#8243; _module_preset=&#8220;default&#8220; max_width=&#8220;1440px&#8220; global_colors_info=&#8220;{}&#8220;][et_pb_column type=&#8220;1_3&#8243; _builder_version=&#8220;4.27.0&#8243; _module_preset=&#8220;default&#8220; global_colors_info=&#8220;{}&#8220;][et_pb_image src=&#8220;https:\/\/www.ucimekvalitne.cz\/2024\/wp-content\/uploads\/2024\/10\/AT.jpg&#8220; title_text=&#8220;AT&#8220; url=&#8220;https:\/\/www.ucimekvalitne.cz\/2024\/wp-content\/uploads\/2024\/10\/Anezka-Tetrevova.pdf&#8220; url_new_window=&#8220;on&#8220; _builder_version=&#8220;4.27.0&#8243; _module_preset=&#8220;default&#8220; global_colors_info=&#8220;{}&#8220;][\/et_pb_image][et_pb_text _builder_version=&#8220;4.27.0&#8243; _module_preset=&#8220;default&#8220; text_font=&#8220;axiforma-bold||||||||&#8220; text_text_color=&#8220;#1A437E&#8220; global_colors_info=&#8220;{}&#8220;]<\/p>\n<p style=\"text-align: center;\"><b>Form\u00e1ln\u00ed vzd\u011bl\u00e1v\u00e1n\u00ed nereflektuje <\/b><b>pot\u0159eby dne\u0161n\u00edho studenta<\/b><\/p>\n<p style=\"text-align: center;\">Ane\u017eka Tet\u0159evov\u00e1<\/p>\n<p>[\/et_pb_text][\/et_pb_column][et_pb_column type=&#8220;1_3&#8243; _builder_version=&#8220;4.27.0&#8243; _module_preset=&#8220;default&#8220; global_colors_info=&#8220;{}&#8220;][et_pb_image src=&#8220;https:\/\/www.ucimekvalitne.cz\/2024\/wp-content\/uploads\/2024\/10\/KS-1.jpg&#8220; title_text=&#8220;K\u0160&#8220; url=&#8220;https:\/\/youtu.be\/NHdGMFs9FGY&#8220; url_new_window=&#8220;on&#8220; _builder_version=&#8220;4.27.0&#8243; _module_preset=&#8220;default&#8220; global_colors_info=&#8220;{}&#8220;][\/et_pb_image][et_pb_text _builder_version=&#8220;4.27.0&#8243; _module_preset=&#8220;default&#8220; text_font=&#8220;axiforma-bold||||||||&#8220; text_text_color=&#8220;#1A437E&#8220; global_colors_info=&#8220;{}&#8220;]<\/p>\n<p style=\"text-align: center;\"><b>\u00davodn\u00ed slovo konference \u00dasp\u011bch pro ka\u017ed\u00e9ho \u017e\u00e1ka: Cesta k odoln\u00e9 spole\u010dnosti<\/b><\/p>\n<p style=\"text-align: center;\">Kl\u00e1ra \u0160im\u00e1\u010dkov\u00e1 Lauren\u010d\u00edkov\u00e1<\/p>\n<p>[\/et_pb_text][\/et_pb_column][et_pb_column type=&#8220;1_3&#8243; _builder_version=&#8220;4.27.0&#8243; _module_preset=&#8220;default&#8220; global_colors_info=&#8220;{}&#8220;][et_pb_text _builder_version=&#8220;4.27.0&#8243; _module_preset=&#8220;default&#8220; text_font=&#8220;axiforma-bold||||||||&#8220; text_text_color=&#8220;#1A437E&#8220; global_colors_info=&#8220;{}&#8220;][\/et_pb_text][\/et_pb_column][\/et_pb_row][et_pb_row _builder_version=&#8220;4.27.0&#8243; _module_preset=&#8220;default&#8220; max_width=&#8220;1440px&#8220; global_colors_info=&#8220;{}&#8220;][et_pb_column type=&#8220;4_4&#8243; _builder_version=&#8220;4.27.0&#8243; _module_preset=&#8220;default&#8220; global_colors_info=&#8220;{}&#8220;][et_pb_text _builder_version=&#8220;4.27.0&#8243; _module_preset=&#8220;default&#8220; text_font=&#8220;Axiforma||||||||&#8220; text_font_size=&#8220;12px&#8220; header_font=&#8220;axiforma-bold||||||||&#8220; header_text_color=&#8220;#1A437E&#8220; header_font_size=&#8220;45px&#8220; header_2_font=&#8220;axiforma-bold|700|||||||&#8220; header_2_text_align=&#8220;left&#8220; header_2_text_color=&#8220;#1A437E&#8220; header_2_font_size=&#8220;2.8rem&#8220; header_2_line_height=&#8220;1.2em&#8220; custom_margin=&#8220;||15px||false|false&#8220; header_font_size_tablet=&#8220;45px&#8220; header_font_size_phone=&#8220;3rem&#8220; header_font_size_last_edited=&#8220;on|desktop&#8220; header_2_font_size_tablet=&#8220;3.9rem&#8220; header_2_font_size_phone=&#8220;3rem&#8220; header_2_font_size_last_edited=&#8220;on|phone&#8220; header_2_line_height_tablet=&#8220;0.9em&#8220; header_2_line_height_phone=&#8220;1.2em&#8220; header_2_line_height_last_edited=&#8220;on|phone&#8220; locked=&#8220;off&#8220; global_colors_info=&#8220;{}&#8220;]<\/p>\n<h1>Doporu\u010dujeme<\/h1>\n<p>[\/et_pb_text][\/et_pb_column][\/et_pb_row][et_pb_row column_structure=&#8220;1_3,1_3,1_3&#8243; make_equal=&#8220;on&#8220; _builder_version=&#8220;4.27.0&#8243; _module_preset=&#8220;default&#8220; max_width=&#8220;1440px&#8220; global_colors_info=&#8220;{}&#8220;][et_pb_column type=&#8220;1_3&#8243; _builder_version=&#8220;4.27.0&#8243; _module_preset=&#8220;default&#8220; global_colors_info=&#8220;{}&#8220;][et_pb_image src=&#8220;https:\/\/www.ucimekvalitne.cz\/2024\/wp-content\/uploads\/2024\/10\/Budoucnost-je-ted.png&#8220; title_text=&#8220;Budoucnost je te\u010f&#8220; url=&#8220;https:\/\/osn.cz\/pozvani-na-den-osn-filmova-projekce-nebe-a-led\/&#8220; url_new_window=&#8220;on&#8220; _builder_version=&#8220;4.27.0&#8243; _module_preset=&#8220;default&#8220; global_colors_info=&#8220;{}&#8220;][\/et_pb_image][et_pb_text _builder_version=&#8220;4.27.0&#8243; _module_preset=&#8220;default&#8220; text_font=&#8220;axiforma-bold||||||||&#8220; text_text_color=&#8220;#1A437E&#8220; global_colors_info=&#8220;{}&#8220;]<\/p>\n<p style=\"text-align: center;\"><b>Den OSN v Praze: Zveme v\u00e1s do kina!<\/b><\/p>\n<p style=\"text-align: center;\">OSN<\/p>\n<p>[\/et_pb_text][\/et_pb_column][et_pb_column type=&#8220;1_3&#8243; _builder_version=&#8220;4.27.0&#8243; _module_preset=&#8220;default&#8220; global_colors_info=&#8220;{}&#8220;][et_pb_image src=&#8220;https:\/\/www.ucimekvalitne.cz\/2024\/wp-content\/uploads\/2024\/10\/Predstaveni.jpeg&#8220; title_text=&#8220;P\u0159edstaven\u00ed&#8220; url=&#8220;https:\/\/www.youtube.com\/watch?v=_m5fi8rb32I&#038;t=5s&#8220; url_new_window=&#8220;on&#8220; _builder_version=&#8220;4.27.0&#8243; _module_preset=&#8220;default&#8220; hover_enabled=&#8220;0&#8243; global_colors_info=&#8220;{}&#8220; sticky_enabled=&#8220;0&#8243;][\/et_pb_image][et_pb_text _builder_version=&#8220;4.27.0&#8243; _module_preset=&#8220;default&#8220; text_font=&#8220;axiforma-bold||||||||&#8220; text_text_color=&#8220;#1A437E&#8220; hover_enabled=&#8220;0&#8243; global_colors_info=&#8220;{}&#8220; sticky_enabled=&#8220;0&#8243;]<\/p>\n<p style=\"text-align: center;\"><b>P\u0159edstaven\u00ed PeaceJamu<\/b><\/p>\n<p style=\"text-align: center;\">PeaceJam<\/p>\n<p>[\/et_pb_text][\/et_pb_column][et_pb_column type=&#8220;1_3&#8243; _builder_version=&#8220;4.27.0&#8243; _module_preset=&#8220;default&#8220; global_colors_info=&#8220;{}&#8220;][et_pb_image src=&#8220;https:\/\/www.ucimekvalitne.cz\/2024\/wp-content\/uploads\/2024\/10\/Vyuzitti-ve-vyuce.jpg&#8220; title_text=&#8220;Vyu\u017eitt\u00ed ve v\u00fduce&#8220; url=&#8220;https:\/\/www.youtube.com\/watch?v=vkRN6zVu7a4&#8243; url_new_window=&#8220;on&#8220; _builder_version=&#8220;4.27.0&#8243; _module_preset=&#8220;default&#8220; hover_enabled=&#8220;0&#8243; global_colors_info=&#8220;{}&#8220; sticky_enabled=&#8220;0&#8243;][\/et_pb_image][et_pb_text _builder_version=&#8220;4.27.0&#8243; _module_preset=&#8220;default&#8220; text_font=&#8220;axiforma-bold||||||||&#8220; text_text_color=&#8220;#1A437E&#8220; hover_enabled=&#8220;0&#8243; global_colors_info=&#8220;{}&#8220; sticky_enabled=&#8220;0&#8243;]<\/p>\n<p style=\"text-align: center;\"><b>Vyu\u017eit\u00ed PeaceJamu ve v\u00fduce<\/b><\/p>\n<p style=\"text-align: center;\">PeaceJam<\/p>\n<p>[\/et_pb_text][et_pb_text _builder_version=&#8220;4.27.0&#8243; _module_preset=&#8220;default&#8220; text_font=&#8220;axiforma-bold||||||||&#8220; text_text_color=&#8220;#1A437E&#8220; global_colors_info=&#8220;{}&#8220;][\/et_pb_text][\/et_pb_column][\/et_pb_row][et_pb_row column_structure=&#8220;1_3,1_3,1_3&#8243; make_equal=&#8220;on&#8220; _builder_version=&#8220;4.27.0&#8243; _module_preset=&#8220;default&#8220; max_width=&#8220;1440px&#8220; global_colors_info=&#8220;{}&#8220;][et_pb_column type=&#8220;1_3&#8243; _builder_version=&#8220;4.27.0&#8243; _module_preset=&#8220;default&#8220; global_colors_info=&#8220;{}&#8220;][et_pb_image src=&#8220;https:\/\/www.ucimekvalitne.cz\/2024\/wp-content\/uploads\/2024\/10\/Ukazkova-hodina.jpg&#8220; title_text=&#8220;Uk\u00e1zkov\u00e1 hodina&#8220; url=&#8220;https:\/\/www.youtube.com\/watch?v=Ff-erCNV9iA&#038;t=50s&#8220; url_new_window=&#8220;on&#8220; _builder_version=&#8220;4.27.0&#8243; _module_preset=&#8220;default&#8220; hover_enabled=&#8220;0&#8243; global_colors_info=&#8220;{}&#8220; sticky_enabled=&#8220;0&#8243;][\/et_pb_image][et_pb_text _builder_version=&#8220;4.27.0&#8243; _module_preset=&#8220;default&#8220; text_font=&#8220;axiforma-bold||||||||&#8220; text_text_color=&#8220;#1A437E&#8220; hover_enabled=&#8220;0&#8243; global_colors_info=&#8220;{}&#8220; sticky_enabled=&#8220;0&#8243;]<\/p>\n<p style=\"text-align: center;\"><b>Uk\u00e1zkov\u00e1 hodina PeaceJamu &#8211; inspirace<\/b><\/p>\n<p style=\"text-align: center;\">PeaceJam<\/p>\n<p>[\/et_pb_text][\/et_pb_column][et_pb_column type=&#8220;1_3&#8243; _builder_version=&#8220;4.27.0&#8243; _module_preset=&#8220;default&#8220; global_colors_info=&#8220;{}&#8220;][et_pb_image src=&#8220;https:\/\/www.ucimekvalitne.cz\/2024\/wp-content\/uploads\/2024\/10\/Predstaveni-manualu-1.-st.jpg&#8220; title_text=&#8220;P\u0159edstaven\u00ed manu\u00e1lu 1. st.&#8220; url=&#8220;https:\/\/www.youtube.com\/watch?v=8ufrfLyHsS4&#8243; url_new_window=&#8220;on&#8220; _builder_version=&#8220;4.27.0&#8243; _module_preset=&#8220;default&#8220; hover_enabled=&#8220;0&#8243; global_colors_info=&#8220;{}&#8220; sticky_enabled=&#8220;0&#8243;][\/et_pb_image][et_pb_text _builder_version=&#8220;4.27.0&#8243; _module_preset=&#8220;default&#8220; text_font=&#8220;axiforma-bold||||||||&#8220; text_text_color=&#8220;#1A437E&#8220; hover_enabled=&#8220;0&#8243; global_colors_info=&#8220;{}&#8220; sticky_enabled=&#8220;0&#8243;]<\/p>\n<p style=\"text-align: center;\"><b>P\u0159edstaven\u00ed manu\u00e1lu\u00a0 pro 1. stupe\u0148 Z\u0160<\/b><\/p>\n<p style=\"text-align: center;\">PeaceJam<\/p>\n<p>[\/et_pb_text][\/et_pb_column][et_pb_column type=&#8220;1_3&#8243; _builder_version=&#8220;4.27.0&#8243; _module_preset=&#8220;default&#8220; global_colors_info=&#8220;{}&#8220;][et_pb_text _builder_version=&#8220;4.27.0&#8243; _module_preset=&#8220;default&#8220; text_font=&#8220;axiforma-bold||||||||&#8220; text_text_color=&#8220;#1A437E&#8220; global_colors_info=&#8220;{}&#8220;][\/et_pb_text][\/et_pb_column][\/et_pb_row][\/et_pb_section]<\/p>\n","protected":false},"excerpt":{"rendered":"<p>V\u00fdstupyNov\u00e1 nerovnost v dob\u011b rychl\u00fdch zm\u011bn Radoslav PittnerRozvoj odolnosti v prom\u011bnliv\u00e9 dob\u011b Jan Tes\u00e1rekWellbeing jako cesta k odolnosti Marie H\u00e1jek Salomonov\u00e1Bari\u00e9ry a mo\u017enosti v podpo\u0159e za\u010dle\u0148ov\u00e1n\u00ed a rovnosti v t\u0159\u00eddn\u00edch kolektivech Lenka Kollerov\u00e1\u010cten\u00edm a psan\u00edm k odoln\u00e9 spole\u010dnosti Michaela Kafkov\u00e1, Milo\u0161 \u0160lapalOdolnost a hou\u017eevnatost mezi daty a \u017eivotem Dana Pra\u017e\u00e1kov\u00e1, Franti\u0161ek Tich\u00fdP\u0159es vn\u00edmavost k f\u00e9rovosti [&hellip;]<\/p>\n","protected":false},"author":1,"featured_media":0,"parent":0,"menu_order":0,"comment_status":"closed","ping_status":"closed","template":"","meta":{"_et_pb_use_builder":"on","_et_pb_old_content":"","_et_gb_content_width":"","footnotes":""},"class_list":["post-750","page","type-page","status-publish","hentry"],"_links":{"self":[{"href":"https:\/\/www.ucimekvalitne.cz\/2024\/wp-json\/wp\/v2\/pages\/750","targetHints":{"allow":["GET"]}}],"collection":[{"href":"https:\/\/www.ucimekvalitne.cz\/2024\/wp-json\/wp\/v2\/pages"}],"about":[{"href":"https:\/\/www.ucimekvalitne.cz\/2024\/wp-json\/wp\/v2\/types\/page"}],"author":[{"embeddable":true,"href":"https:\/\/www.ucimekvalitne.cz\/2024\/wp-json\/wp\/v2\/users\/1"}],"replies":[{"embeddable":true,"href":"https:\/\/www.ucimekvalitne.cz\/2024\/wp-json\/wp\/v2\/comments?post=750"}],"version-history":[{"count":12,"href":"https:\/\/www.ucimekvalitne.cz\/2024\/wp-json\/wp\/v2\/pages\/750\/revisions"}],"predecessor-version":[{"id":802,"href":"https:\/\/www.ucimekvalitne.cz\/2024\/wp-json\/wp\/v2\/pages\/750\/revisions\/802"}],"wp:attachment":[{"href":"https:\/\/www.ucimekvalitne.cz\/2024\/wp-json\/wp\/v2\/media?parent=750"}],"curies":[{"name":"wp","href":"https:\/\/api.w.org\/{rel}","templated":true}]}}